{"id":918,"date":"2022-12-13T11:40:53","date_gmt":"2022-12-13T11:40:53","guid":{"rendered":"https:\/\/vanpoppelmetaal.tempurl.host\/fuer-wen\/hochtechnologie\/"},"modified":"2023-01-16T07:24:57","modified_gmt":"2023-01-16T07:24:57","slug":"hochtechnologie","status":"publish","type":"page","link":"https:\/\/vanpoppelmetaal.nl\/de\/fuer-wen\/hochtechnologie\/","title":{"rendered":"Hydraulik und Pneumatik"},"content":{"rendered":"<p>[et_pb_section fb_built=&#8220;1&#8243; admin_label=&#8220;Hero&#8220; _builder_version=&#8220;4.19.4&#8243; use_background_color_gradient=&#8220;on&#8220; background_color_gradient_direction=&#8220;70deg&#8220; background_color_gradient_stops=&#8220;#255ca6 0%|rgba(128,103,79,0.5) 100%&#8220; background_color_gradient_overlays_image=&#8220;on&#8220; background_color_gradient_start=&#8220;#283d4b&#8220; background_color_gradient_end=&#8220;rgba(128,103,79,0.5)&#8220; background_image=&#8220;https:\/\/vanpoppelmetaal.tempurl.host\/wp-content\/uploads\/2022\/12\/van-poppel-metaal-6-.jpg&#8220; parallax=&#8220;on&#8220; custom_margin=&#8220;||-0.2%|||&#8220; custom_padding=&#8220;0vw|||||&#8220; bottom_divider_repeat=&#8220;1x&#8220; bottom_divider_flip=&#8220;horizontal&#8220; locked=&#8220;off&#8220; global_colors_info=&#8220;{}&#8220;][et_pb_row _builder_version=&#8220;4.19.2&#8243; custom_margin=&#8220;0px|auto|35px|auto|false|false&#8220; custom_padding=&#8220;48px|0px|0px|0px|false|false&#8220; global_colors_info=&#8220;{}&#8220;][et_pb_column type=&#8220;4_4&#8243; _builder_version=&#8220;4.16&#8243; custom_padding=&#8220;|||&#8220; global_colors_info=&#8220;{}&#8220; custom_padding__hover=&#8220;|||&#8220;][et_pb_text _builder_version=&#8220;4.19.4&#8243; text_font=&#8220;||||||||&#8220; header_font=&#8220;Bebas Neue||||||||&#8220; header_font_size=&#8220;90px&#8220; header_line_height=&#8220;1.4em&#8220; header_2_font=&#8220;Open Sans||||||||&#8220; header_2_text_color=&#8220;rgba(255,255,255,0.6)&#8220; header_2_line_height=&#8220;0em&#8220; background_layout=&#8220;dark&#8220; custom_margin=&#8220;||26px|||&#8220; animation_style=&#8220;slide&#8220; animation_direction=&#8220;right&#8220; animation_intensity_slide=&#8220;4%&#8220; header_font_size_tablet=&#8220;50px&#8220; header_font_size_phone=&#8220;32px&#8220; header_font_size_last_edited=&#8220;on|desktop&#8220; header_2_font_size_tablet=&#8220;&#8220; header_2_font_size_phone=&#8220;24px&#8220; header_2_font_size_last_edited=&#8220;on|phone&#8220; global_colors_info=&#8220;{}&#8220;]<\/p>\n<h1>Hydraulik und Pneumatik<\/h1>\n<h2>Darin sind wir gut<\/h2>\n<p>[\/et_pb_text][\/et_pb_column][\/et_pb_row][\/et_pb_section][et_pb_section fb_built=&#8220;1&#8243; next_background_color=&#8220;#ffffff&#8220; admin_label=&#8220;Service&#8220; _builder_version=&#8220;4.16&#8243; background_color=&#8220;#3d3d3c&#8220; custom_padding=&#8220;54px|0px|54px|0px|false|false&#8220; bottom_divider_style=&#8220;asymmetric2&#8243; global_colors_info=&#8220;{}&#8220;][et_pb_row column_structure=&#8220;1_2,1_2&#8243; _builder_version=&#8220;4.16&#8243; locked=&#8220;off&#8220; global_colors_info=&#8220;{}&#8220;][et_pb_column type=&#8220;1_2&#8243; _builder_version=&#8220;4.16&#8243; custom_padding=&#8220;|||&#8220; global_colors_info=&#8220;{}&#8220; custom_padding__hover=&#8220;|||&#8220;][et_pb_image src=&#8220;https:\/\/vanpoppelmetaal.tempurl.host\/wp-content\/uploads\/2022\/12\/van-poppel-metaal-77.jpg&#8220; alt=&#8220;Paul und Hein &#8211; Van Poppel Metaal&#8220; title_text=&#8220;Paul und Hein &#8211; Van Poppel Metaal&#8220; force_fullwidth=&#8220;on&#8220; align_tablet=&#8220;left&#8220; align_phone=&#8220;left&#8220; align_last_edited=&#8220;on|desktop&#8220; _builder_version=&#8220;4.19.4&#8243; custom_margin=&#8220;|-63px||||&#8220; custom_padding=&#8220;||38px|||&#8220; global_colors_info=&#8220;{}&#8220;][\/et_pb_image][\/et_pb_column][et_pb_column type=&#8220;1_2&#8243; _builder_version=&#8220;4.16&#8243; custom_padding=&#8220;|||&#8220; global_colors_info=&#8220;{}&#8220; custom_padding__hover=&#8220;|||&#8220;][et_pb_text _builder_version=&#8220;4.19.2&#8243; text_font=&#8220;Open Sans||||||||&#8220; text_text_color=&#8220;#FFFFFF&#8220; text_font_size=&#8220;18px&#8220; text_line_height=&#8220;1.8em&#8220; header_font=&#8220;Bebas Neue||||||||&#8220; header_text_color=&#8220;#FFFFFF&#8220; header_2_font=&#8220;Bebas Neue||||||||&#8220; header_2_text_color=&#8220;#FFFFFF&#8220; header_2_font_size=&#8220;32px&#8220; header_2_line_height=&#8220;1.5em&#8220; header_3_font=&#8220;Josefin Sans|700||on|||||&#8220; header_3_text_color=&#8220;#FFFFFF&#8220; max_width=&#8220;700px&#8220; custom_margin=&#8220;||30px|&#8220; custom_padding=&#8220;|||&#8220; locked=&#8220;off&#8220; global_colors_info=&#8220;{}&#8220;]<\/p>\n<h2>Vollautomatische Maschinen, die die Anforderungen der Hersteller erf\u00fcllen<\/h2>\n<p>Sie als Eink\u00e4ufer eines Produktionsunternehmens suchen nach Lieferanten mit einem stabilen Produktionsprozess. Ein Lieferant, der die Qualit\u00e4t der von Ihnen gew\u00fcnschten Hydraulik und Pneumatik liefern kann.<\/p>\n<p>[\/et_pb_text][et_pb_button button_url=&#8220;@ET-DC@eyJkeW5hbWljIjp0cnVlLCJjb250ZW50IjoicG9zdF9saW5rX3VybF9wYWdlIiwic2V0dGluZ3MiOnsicG9zdF9pZCI6IjI0MCJ9fQ==@&#8220; button_text=&#8220;M\u00f6chten Sie mehr erfahren? Nehmen Sie Kontakt auf!&#8220; button_alignment=&#8220;left&#8220; _builder_version=&#8220;4.19.4&#8243; _dynamic_attributes=&#8220;button_url&#8220; custom_button=&#8220;on&#8220; button_text_size=&#8220;16px&#8220; button_text_color=&#8220;#FFFFFF&#8220; button_bg_color=&#8220;#255CA6&#8243; button_border_width=&#8220;10px&#8220; button_border_color=&#8220;#255CA6&#8243; button_border_radius=&#8220;10px&#8220; button_letter_spacing=&#8220;1px&#8220; button_font=&#8220;Familjen Grotesk|700||on|||||&#8220; custom_margin=&#8220;10px||0px||false|false&#8220; custom_margin_tablet=&#8220;||50px|&#8220; custom_margin_phone=&#8220;||50px|&#8220; custom_margin_last_edited=&#8220;on|phone&#8220; custom_padding=&#8220;|||&#8220; animation_style=&#8220;fold&#8220; animation_direction=&#8220;left&#8220; animation_delay=&#8220;200ms&#8220; animation_intensity_fold=&#8220;20%&#8220; button_text_size_tablet=&#8220;16px&#8220; button_text_size_phone=&#8220;12px&#8220; button_text_size_last_edited=&#8220;on|phone&#8220; box_shadow_style=&#8220;preset3&#8243; box_shadow_blur=&#8220;30px&#8220; box_shadow_color=&#8220;rgba(0,0,0,0.16)&#8220; button_border_radius_hover=&#8220;0px&#8220; button_letter_spacing_hover=&#8220;1px&#8220; locked=&#8220;off&#8220; global_colors_info=&#8220;{}&#8220; button_text_size__hover_enabled=&#8220;off&#8220; button_one_text_size__hover_enabled=&#8220;off&#8220; button_two_text_size__hover_enabled=&#8220;off&#8220; button_text_color__hover_enabled=&#8220;off&#8220; button_one_text_color__hover_enabled=&#8220;off&#8220; button_two_text_color__hover_enabled=&#8220;off&#8220; button_border_width__hover_enabled=&#8220;off&#8220; button_one_border_width__hover_enabled=&#8220;off&#8220; button_two_border_width__hover_enabled=&#8220;off&#8220; button_border_color__hover_enabled=&#8220;off&#8220; button_one_border_color__hover_enabled=&#8220;off&#8220; button_two_border_color__hover_enabled=&#8220;off&#8220; button_border_radius__hover_enabled=&#8220;on&#8220; button_border_radius__hover=&#8220;10px&#8220; button_one_border_radius__hover_enabled=&#8220;off&#8220; button_two_border_radius__hover_enabled=&#8220;off&#8220; button_letter_spacing__hover_enabled=&#8220;on&#8220; button_letter_spacing__hover=&#8220;1px&#8220; button_one_letter_spacing__hover_enabled=&#8220;off&#8220; button_two_letter_spacing__hover_enabled=&#8220;off&#8220; button_bg_color__hover_enabled=&#8220;on|hover&#8220; button_one_bg_color__hover_enabled=&#8220;off&#8220; button_two_bg_color__hover_enabled=&#8220;off&#8220; button_bg_color__hover=&#8220;#255CA6&#8243;][\/et_pb_button][\/et_pb_column][\/et_pb_row][\/et_pb_section][et_pb_section fb_built=&#8220;1&#8243; custom_padding_last_edited=&#8220;off|desktop&#8220; admin_label=&#8220;Instructions&#8220; _builder_version=&#8220;4.16&#8243; custom_padding=&#8220;|||&#8220; custom_padding_phone=&#8220;100px||100px|&#8220; locked=&#8220;off&#8220; global_colors_info=&#8220;{}&#8220;][et_pb_row column_structure=&#8220;1_2,1_2&#8243; custom_padding_last_edited=&#8220;off|desktop&#8220; _builder_version=&#8220;4.19.2&#8243; custom_padding=&#8220;|||&#8220; custom_padding_phone=&#8220;||20px|&#8220; global_colors_info=&#8220;{}&#8220;][et_pb_column type=&#8220;1_2&#8243; _builder_version=&#8220;4.16&#8243; custom_padding=&#8220;|||&#8220; global_colors_info=&#8220;{}&#8220; custom_padding__hover=&#8220;|||&#8220;][et_pb_text _builder_version=&#8220;4.19.4&#8243; text_font=&#8220;Open Sans||||||||&#8220; text_text_color=&#8220;#3D3D3C&#8220; text_font_size=&#8220;18px&#8220; text_line_height=&#8220;1.8em&#8220; header_font=&#8220;||||||||&#8220; header_2_font=&#8220;Bebas Neue||||||||&#8220; header_2_font_size=&#8220;32px&#8220; header_2_line_height=&#8220;1.5em&#8220; header_3_font=&#8220;Josefin Sans|700||on|||||&#8220; header_3_text_color=&#8220;rgba(43,51,68,0.2)&#8220; max_width=&#8220;700px&#8220; custom_margin=&#8220;||30px|&#8220; custom_padding=&#8220;|||&#8220; locked=&#8220;off&#8220; global_colors_info=&#8220;{}&#8220;]<\/p>\n<h2>Die Region Brainport entwickelt sich weiter<\/h2>\n<p>Die f\u00fchrenden Unternehmen in der Brainport-Region entwickeln sich weiter. Es handelt sich um eine Branche, die besondere Anforderungen stellt, sich aber auch rasant entwickelt. Dies wirkt sich auch auf ihre Produktionsverfahren und Maschinen aus.<\/p>\n<p>Unser Maschinenpark verf\u00fcgt \u00fcber eine Automatisierung, mit der die kurzen Lieferzeiten der Branche erreicht werden k\u00f6nnen. Dar\u00fcber hinaus wissen unsere Fachleute, wie man die beste Leistung aus diesen Maschinen herausholt. Indem sie den Produktionsprozess kritisch \u00fcberdenken, k\u00f6nnen sie genau die Effizienzsteigerungen erzielen, die f\u00fcr eine stabile Lieferung erforderlich sind.<\/p>\n<p>[\/et_pb_text][\/et_pb_column][et_pb_column type=&#8220;1_2&#8243; _builder_version=&#8220;4.16&#8243; custom_padding=&#8220;|||&#8220; global_colors_info=&#8220;{}&#8220; custom_padding__hover=&#8220;|||&#8220;][et_pb_blurb title=&#8220;24\/7 unbemannte Produktion&#8220; use_icon=&#8220;on&#8220; font_icon=&#8220;&#xe052;||divi||400&#8243; icon_color=&#8220;#255CA6&#8243; icon_placement=&#8220;left&#8220; image_icon_width=&#8220;30px&#8220; _builder_version=&#8220;4.19.2&#8243; header_level=&#8220;h3&#8243; header_font=&#8220;Bebas Neue||||||||&#8220; header_line_height=&#8220;1.9em&#8220; body_font=&#8220;Open Sans||||||||&#8220; custom_margin=&#8220;||0px|&#8220; animation_style=&#8220;slide&#8220; animation_direction=&#8220;right&#8220; animation_intensity_slide=&#8220;4%&#8220; animation=&#8220;off&#8220; icon_font_size=&#8220;30px&#8220; locked=&#8220;off&#8220; global_colors_info=&#8220;{}&#8220;][\/et_pb_blurb][et_pb_toggle title=&#8220;Weitere Informationen&#8220; open_toggle_background_color=&#8220;rgba(0,0,0,0)&#8220; closed_toggle_background_color=&#8220;rgba(0,0,0,0)&#8220; icon_color=&#8220;#255CA6&#8243; open_icon_color=&#8220;#255CA6&#8243; _builder_version=&#8220;4.19.2&#8243; title_font=&#8220;Open Sans||||||||&#8220; title_font_size=&#8220;14px&#8220; body_font=&#8220;||||||||&#8220; body_line_height=&#8220;2em&#8220; custom_margin=&#8220;||36px|48px&#8220; custom_padding=&#8220;0px|0px|6px|0px&#8220; animation_style=&#8220;slide&#8220; animation_direction=&#8220;right&#8220; animation_intensity_slide=&#8220;4%&#8220; border_width_all=&#8220;0px&#8220; border_width_bottom=&#8220;2px&#8220; border_color_bottom=&#8220;rgba(0,0,0,0.12)&#8220; locked=&#8220;off&#8220; global_colors_info=&#8220;{}&#8220;]<\/p>\n<p>Wir sind in der Lage, gro\u00dfe Serien von Drehauftr\u00e4gen mannlos zu produzieren. Alle Drehmaschinen sind mit einem Stangenlader oder Portallader ausgestattet. Diese Automaten k\u00f6nnen selbstst\u00e4ndig voreingestellte Materialien wechseln und die Produktion starten.<\/p>\n<p>Unser vollautomatischer Maschinenpark gew\u00e4hrleistet Flexibilit\u00e4t und Schnelligkeit gegen\u00fcber unseren Kunden.<\/p>\n<p>[\/et_pb_toggle][et_pb_blurb title=&#8220;Spezialist f\u00fcr Dreharbeiten bis zu \u00d8100&#8243; use_icon=&#8220;on&#8220; font_icon=&#8220;&#xe052;||divi||400&#8243; icon_color=&#8220;#255CA6&#8243; icon_placement=&#8220;left&#8220; image_icon_width=&#8220;30px&#8220; _builder_version=&#8220;4.19.2&#8243; header_level=&#8220;h3&#8243; header_font=&#8220;Bebas Neue||||||||&#8220; header_line_height=&#8220;1.9em&#8220; custom_margin=&#8220;||0px|&#8220; animation_style=&#8220;slide&#8220; animation_direction=&#8220;right&#8220; animation_intensity_slide=&#8220;4%&#8220; animation=&#8220;off&#8220; icon_font_size=&#8220;30px&#8220; locked=&#8220;off&#8220; global_colors_info=&#8220;{}&#8220;][\/et_pb_blurb][et_pb_toggle title=&#8220;Weitere Informationen&#8220; open_toggle_background_color=&#8220;rgba(0,0,0,0)&#8220; closed_toggle_background_color=&#8220;rgba(0,0,0,0)&#8220; icon_color=&#8220;#255CA6&#8243; open_icon_color=&#8220;#255CA6&#8243; _builder_version=&#8220;4.19.4&#8243; title_font=&#8220;Open Sans||||||||&#8220; title_font_size=&#8220;14px&#8220; body_font=&#8220;||||||||&#8220; body_line_height=&#8220;2em&#8220; custom_margin=&#8220;||36px|48px&#8220; custom_padding=&#8220;0px|0px|6px|0px&#8220; animation_style=&#8220;slide&#8220; animation_direction=&#8220;right&#8220; animation_intensity_slide=&#8220;4%&#8220; border_width_all=&#8220;0px&#8220; border_width_bottom=&#8220;2px&#8220; border_color_bottom=&#8220;rgba(0,0,0,0.12)&#8220; locked=&#8220;off&#8220; global_colors_info=&#8220;{}&#8220;]<\/p>\n<p>Unsere Maschinen eignen sich zum Drehen bis zu \u00f8100. F\u00e4llt Ihre Frage nicht darunter? Sprechen Sie mit uns \u00fcber die M\u00f6glichkeiten.<\/p>\n<p>[\/et_pb_toggle][et_pb_blurb title=&#8220;Gro\u00dfe Serien&#8220; use_icon=&#8220;on&#8220; font_icon=&#8220;&#xe052;||divi||400&#8243; icon_color=&#8220;#255CA6&#8243; icon_placement=&#8220;left&#8220; image_icon_width=&#8220;30px&#8220; _builder_version=&#8220;4.19.2&#8243; header_level=&#8220;h3&#8243; header_font=&#8220;Bebas Neue||||||||&#8220; header_line_height=&#8220;1.9em&#8220; custom_margin=&#8220;||0px|&#8220; animation_style=&#8220;slide&#8220; animation_direction=&#8220;right&#8220; animation_intensity_slide=&#8220;4%&#8220; animation=&#8220;off&#8220; hover_enabled=&#8220;0&#8243; icon_font_size=&#8220;30px&#8220; locked=&#8220;off&#8220; global_colors_info=&#8220;{}&#8220; sticky_enabled=&#8220;0&#8243;][\/et_pb_blurb][et_pb_toggle title=&#8220;Weitere Informationen&#8220; open_toggle_background_color=&#8220;rgba(0,0,0,0)&#8220; closed_toggle_background_color=&#8220;rgba(0,0,0,0)&#8220; icon_color=&#8220;#255CA6&#8243; open_icon_color=&#8220;#255CA6&#8243; _builder_version=&#8220;4.19.4&#8243; title_font=&#8220;Open Sans||||||||&#8220; title_font_size=&#8220;14px&#8220; body_font=&#8220;||||||||&#8220; body_line_height=&#8220;2em&#8220; custom_margin=&#8220;||36px|48px&#8220; custom_padding=&#8220;0px|0px|6px|0px&#8220; animation_style=&#8220;slide&#8220; animation_direction=&#8220;right&#8220; animation_intensity_slide=&#8220;4%&#8220; hover_enabled=&#8220;0&#8243; border_width_all=&#8220;0px&#8220; border_width_bottom=&#8220;2px&#8220; border_color_bottom=&#8220;rgba(0,0,0,0.12)&#8220; locked=&#8220;off&#8220; global_colors_info=&#8220;{}&#8220; sticky_enabled=&#8220;0&#8243;]<\/p>\n<p>Gro\u00dfserien sind f\u00fcr uns keine Fremdw\u00f6rter. Wir sind in der Lage, gro\u00dfe Serien zu bearbeiten. Dies k\u00f6nnen wir unter anderem dadurch erreichen, dass wir rund um die Uhr laufen. Dabei achten wir darauf, dass wir die Maschine einmal einstellen und sie dann stundenlang laufen lassen.<\/p>\n<p>[\/et_pb_toggle][\/et_pb_column][\/et_pb_row][\/et_pb_section]<\/p>\n","protected":false},"excerpt":{"rendered":"<p>Hydraulik und Pneumatik Darin sind wir gutVollautomatische Maschinen, die die Anforderungen der Hersteller erf\u00fcllen Sie als Eink\u00e4ufer eines Produktionsunternehmens suchen nach Lieferanten mit einem stabilen Produktionsprozess. Ein Lieferant, der die Qualit\u00e4t der von Ihnen gew\u00fcnschten Hydraulik und Pneumatik liefern kann.Die Region Brainport entwickelt sich weiter Die f\u00fchrenden Unternehmen in der Brainport-Region entwickeln sich weiter. Es [&hellip;]<\/p>\n","protected":false},"author":2,"featured_media":799,"parent":899,"menu_order":0,"comment_status":"closed","ping_status":"closed","template":"","meta":{"_et_pb_use_builder":"on","_et_pb_old_content":"","_et_gb_content_width":"","footnotes":""},"class_list":["post-918","page","type-page","status-publish","has-post-thumbnail","hentry"],"_links":{"self":[{"href":"https:\/\/vanpoppelmetaal.nl\/de\/wp-json\/wp\/v2\/pages\/918","targetHints":{"allow":["GET"]}}],"collection":[{"href":"https:\/\/vanpoppelmetaal.nl\/de\/wp-json\/wp\/v2\/pages"}],"about":[{"href":"https:\/\/vanpoppelmetaal.nl\/de\/wp-json\/wp\/v2\/types\/page"}],"author":[{"embeddable":true,"href":"https:\/\/vanpoppelmetaal.nl\/de\/wp-json\/wp\/v2\/users\/2"}],"replies":[{"embeddable":true,"href":"https:\/\/vanpoppelmetaal.nl\/de\/wp-json\/wp\/v2\/comments?post=918"}],"version-history":[{"count":0,"href":"https:\/\/vanpoppelmetaal.nl\/de\/wp-json\/wp\/v2\/pages\/918\/revisions"}],"up":[{"embeddable":true,"href":"https:\/\/vanpoppelmetaal.nl\/de\/wp-json\/wp\/v2\/pages\/899"}],"wp:featuredmedia":[{"embeddable":true,"href":"https:\/\/vanpoppelmetaal.nl\/de\/wp-json\/wp\/v2\/media\/799"}],"wp:attachment":[{"href":"https:\/\/vanpoppelmetaal.nl\/de\/wp-json\/wp\/v2\/media?parent=918"}],"curies":[{"name":"wp","href":"https:\/\/api.w.org\/{rel}","templated":true}]}}