{"id":869,"date":"2022-11-15T18:10:31","date_gmt":"2022-11-15T18:10:31","guid":{"rendered":"https:\/\/vanpoppelmetaal.tempurl.host\/das-unternehmen\/"},"modified":"2023-01-04T12:49:05","modified_gmt":"2023-01-04T12:49:05","slug":"das-unternehmen","status":"publish","type":"page","link":"https:\/\/vanpoppelmetaal.nl\/de\/das-unternehmen\/","title":{"rendered":"Das Unternehmen"},"content":{"rendered":"<p>[et_pb_section fb_built=&#8220;1&#8243; _builder_version=&#8220;4.19.0&#8243; _module_preset=&#8220;default&#8220; background_color=&#8220;RGBA(255,255,255,0)&#8220; global_colors_info=&#8220;{}&#8220;][et_pb_row column_structure=&#8220;1_2,1_2&#8243; _builder_version=&#8220;4.19.0&#8243; _module_preset=&#8220;default&#8220; global_colors_info=&#8220;{}&#8220;][et_pb_column type=&#8220;1_2&#8243; _builder_version=&#8220;4.19.0&#8243; _module_preset=&#8220;default&#8220; global_colors_info=&#8220;{}&#8220;][et_pb_text _builder_version=&#8220;4.19.4&#8243; _module_preset=&#8220;default&#8220; text_text_color=&#8220;#FFFFFF&#8220; header_font=&#8220;|700|||||||&#8220; header_text_color=&#8220;#FFFFFF&#8220; background_enable_color=&#8220;off&#8220; hover_enabled=&#8220;0&#8243; global_colors_info=&#8220;{}&#8220; sticky_enabled=&#8220;0&#8243;]<\/p>\n<h1><strong>VAN POPPEL METALL<\/strong><\/h1>\n<p><strong><span>Van Poppel Metaal ist ein junges und dynamisches Unternehmen. Wir wurden 2015 gegr\u00fcndet und befinden uns in der Elskensakker 1a in Bergeijk. Wir denken gerne mit Ihnen mit, um Ihr Produkt auf die effizienteste Weise zu liefern. Kurze Wege innerhalb der Organisation bedeuten Klarheit f\u00fcr Sie als Kunde. Qualit\u00e4t ist unser oberstes Gebot. Wir sichern unsere Qualit\u00e4t, indem wir unsere Produkte w\u00e4hrend des gesamten Prozesses \u00fcberwachen und bewerten. Z\u00f6gern Sie nicht, uns Ihre Ideen mitzuteilen, wir nehmen gerne eine Herausforderung an!<\/span><\/strong><\/p>\n<p>[\/et_pb_text][\/et_pb_column][et_pb_column type=&#8220;1_2&#8243; _builder_version=&#8220;4.19.0&#8243; _module_preset=&#8220;default&#8220; global_colors_info=&#8220;{}&#8220;][et_pb_image src=&#8220;https:\/\/vanpoppelmetaal.tempurl.host\/wp-content\/uploads\/2022\/11\/Totaal-met-bus-1.jpg&#8220; title_text=&#8220;Insgesamt-mit-Bus-1&#8243; _builder_version=&#8220;4.19.0&#8243; _module_preset=&#8220;default&#8220; global_colors_info=&#8220;{}&#8220;][\/et_pb_image][\/et_pb_column][\/et_pb_row][\/et_pb_section]<\/p>\n","protected":false},"excerpt":{"rendered":"<p>VAN POPPEL METALL Van Poppel Metaal ist ein junges und dynamisches Unternehmen. Wir wurden 2015 gegr\u00fcndet und befinden uns in der Elskensakker 1a in Bergeijk. Wir denken gerne mit Ihnen mit, um Ihr Produkt auf die effizienteste Weise zu liefern. Kurze Wege innerhalb der Organisation bedeuten Klarheit f\u00fcr Sie als Kunde. Qualit\u00e4t ist unser oberstes [&hellip;]<\/p>\n","protected":false},"author":1,"featured_media":0,"parent":0,"menu_order":0,"comment_status":"closed","ping_status":"closed","template":"","meta":{"_et_pb_use_builder":"on","_et_pb_old_content":"","_et_gb_content_width":"","footnotes":""},"class_list":["post-869","page","type-page","status-publish","hentry"],"_links":{"self":[{"href":"https:\/\/vanpoppelmetaal.nl\/de\/wp-json\/wp\/v2\/pages\/869","targetHints":{"allow":["GET"]}}],"collection":[{"href":"https:\/\/vanpoppelmetaal.nl\/de\/wp-json\/wp\/v2\/pages"}],"about":[{"href":"https:\/\/vanpoppelmetaal.nl\/de\/wp-json\/wp\/v2\/types\/page"}],"author":[{"embeddable":true,"href":"https:\/\/vanpoppelmetaal.nl\/de\/wp-json\/wp\/v2\/users\/1"}],"replies":[{"embeddable":true,"href":"https:\/\/vanpoppelmetaal.nl\/de\/wp-json\/wp\/v2\/comments?post=869"}],"version-history":[{"count":0,"href":"https:\/\/vanpoppelmetaal.nl\/de\/wp-json\/wp\/v2\/pages\/869\/revisions"}],"wp:attachment":[{"href":"https:\/\/vanpoppelmetaal.nl\/de\/wp-json\/wp\/v2\/media?parent=869"}],"curies":[{"name":"wp","href":"https:\/\/api.w.org\/{rel}","templated":true}]}}