{"id":1384,"date":"2023-01-11T13:37:56","date_gmt":"2023-01-11T13:37:56","guid":{"rendered":"https:\/\/vanpoppelmetaal.tempurl.host\/1384-2\/"},"modified":"2023-02-24T10:54:56","modified_gmt":"2023-02-24T10:54:56","slug":"1384-2","status":"publish","type":"page","link":"https:\/\/vanpoppelmetaal.nl\/de\/1384-2\/","title":{"rendered":"Direkt bewerben"},"content":{"rendered":"<p>[et_pb_section fb_built=&#8220;1&#8243; next_background_color=&#8220;#FFFFFF&#8220; admin_label=&#8220;Hero&#8220; _builder_version=&#8220;4.19.4&#8243; use_background_color_gradient=&#8220;on&#8220; background_color_gradient_direction=&#8220;70deg&#8220; background_color_gradient_stops=&#8220;#255ca6 0%|rgba(128,103,79,0.5) 100%&#8220; background_color_gradient_overlays_image=&#8220;on&#8220; background_color_gradient_start=&#8220;#283d4b&#8220; background_color_gradient_end=&#8220;rgba(128,103,79,0.5)&#8220; background_image=&#8220;https:\/\/vanpoppelmetaal.tempurl.host\/wp-content\/uploads\/2022\/12\/van-poppel-metaal-6-.jpg&#8220; parallax=&#8220;on&#8220; custom_margin=&#8220;||-0.2%|||&#8220; custom_padding=&#8220;0vw|||||&#8220; bottom_divider_style=&#8220;arrow2&#8243; bottom_divider_repeat=&#8220;1x&#8220; bottom_divider_flip=&#8220;horizontal&#8220; locked=&#8220;off&#8220; global_colors_info=&#8220;{}&#8220;][et_pb_row _builder_version=&#8220;4.19.2&#8243; custom_margin=&#8220;0px|auto|35px|auto|false|false&#8220; custom_padding=&#8220;35px|0px||0px|false|false&#8220; global_colors_info=&#8220;{}&#8220;][et_pb_column type=&#8220;4_4&#8243; _builder_version=&#8220;4.16&#8243; custom_padding=&#8220;|||&#8220; global_colors_info=&#8220;{}&#8220; custom_padding__hover=&#8220;|||&#8220;][et_pb_text _builder_version=&#8220;4.19.4&#8243; text_font=&#8220;||||||||&#8220; header_font=&#8220;Bebas Neue||||||||&#8220; header_font_size=&#8220;90px&#8220; header_line_height=&#8220;1.4em&#8220; header_2_font=&#8220;Open Sans||||||||&#8220; header_2_text_color=&#8220;rgba(255,255,255,0.6)&#8220; header_2_line_height=&#8220;0em&#8220; background_layout=&#8220;dark&#8220; custom_margin=&#8220;||26px|||&#8220; animation_style=&#8220;slide&#8220; animation_direction=&#8220;right&#8220; animation_intensity_slide=&#8220;4%&#8220; header_font_size_tablet=&#8220;50px&#8220; header_font_size_phone=&#8220;32px&#8220; header_font_size_last_edited=&#8220;on|desktop&#8220; header_2_font_size_tablet=&#8220;&#8220; header_2_font_size_phone=&#8220;24px&#8220; header_2_font_size_last_edited=&#8220;on|phone&#8220; global_colors_info=&#8220;{}&#8220;]<\/p>\n<h1 style=\"text-align: center;\">Bewerben Sie sich f\u00fcr eine Stelle bei Van Poppel Metaal<\/h1>\n<h2 style=\"text-align: center;\">Mehr als nur eine Dreherei<\/h2>\n<p>[\/et_pb_text][\/et_pb_column][\/et_pb_row][\/et_pb_section][et_pb_section fb_built=&#8220;1&#8243; _builder_version=&#8220;4.19.2&#8243; _module_preset=&#8220;default&#8220; background_color=&#8220;#FFFFFF&#8220; background_enable_image=&#8220;off&#8220; background_blend=&#8220;overlay&#8220; custom_padding=&#8220;100px||149px|||&#8220; global_colors_info=&#8220;{}&#8220;][et_pb_row _builder_version=&#8220;4.19.2&#8243; _module_preset=&#8220;default&#8220; background_color=&#8220;rgba(255,255,255,0.58)&#8220; custom_padding=&#8220;25px|30px||30px|false|true&#8220; global_colors_info=&#8220;{}&#8220;][et_pb_column type=&#8220;4_4&#8243; _builder_version=&#8220;4.19.2&#8243; _module_preset=&#8220;default&#8220; global_colors_info=&#8220;{}&#8220;][et_pb_text _builder_version=&#8220;4.19.4&#8243; _module_preset=&#8220;default&#8220; text_font_size=&#8220;16px&#8220; header_font_size=&#8220;55px&#8220; global_colors_info=&#8220;{}&#8220;]<\/p>\n<h1>Hier bewerben<\/h1>\n<p><strong>Sch\u00f6n, dass Sie sich in unserer Dreherei in Kempen bewerben wollen! Wir k\u00f6nnten einen motivierten Mitarbeiter wie Sie gebrauchen.  <\/strong><\/p>\n<p>Geben Sie unten Ihre Daten ein und wir werden Sie so schnell wie m\u00f6glich kontaktieren. Bis bald!<\/p>\n<p>[\/et_pb_text][et_pb_contact_form email=&#8220;info@vanpoppelmetaal.nl&#8220; custom_message=&#8220;SOLLICITATION||et_pb_line_break_holder||||et_pb_line_break_holder|Es ist ein neuer Antrag eingegangen. Pers\u00f6nliche Angaben und Bewerbung siehe unten:||et_pb_line_break_holder||||et_pb_line_break_holder||Name: %%Naam%%: %%Email%%: %%Telefoonnummer%% Sie sich f\u00fcr die Stelle: %%Functie%%&#8220; success_message=&#8220;Vielen Dank f\u00fcr Ihre Bewerbung! Wir werden uns so schnell wie m\u00f6glich bei Ihnen melden!&#8220; submit_button_text=&#8220;Bewerbung&#8220; _builder_version=&#8220;4.19.4&#8243; _module_preset=&#8220;default&#8220; _unique_id=&#8220;1e74a002-694e-4b9a-b139-3fe726a003f9&#8243; background_color=&#8220;RGBA(255,255,255,0)&#8220; custom_button=&#8220;on&#8220; button_text_color=&#8220;#FFFFFF&#8220; button_bg_color=&#8220;#255CA6&#8243; button_border_radius=&#8220;5px&#8220; button_font=&#8220;Bebas Neue||||||||&#8220; hover_enabled=&#8220;0&#8243; global_colors_info=&#8220;{}&#8220; use_spam_service=&#8220;on&#8220; recaptcha_list=&#8220;pietervanempel|pietervanempel-0&#8243; sticky_enabled=&#8220;0&#8243;][et_pb_contact_field field_id=&#8220;Naam&#8220; field_title=&#8220;Vor- und Nachname*&#8220; _builder_version=&#8220;4.19.4&#8243; global_colors_info=&#8220;{}&#8220; button_text_size__hover_enabled=&#8220;off&#8220; button_one_text_size__hover_enabled=&#8220;off&#8220; button_two_text_size__hover_enabled=&#8220;off&#8220; button_text_color__hover_enabled=&#8220;off&#8220; button_one_text_color__hover_enabled=&#8220;off&#8220; button_two_text_color__hover_enabled=&#8220;off&#8220; button_border_width__hover_enabled=&#8220;off&#8220; button_one_border_width__hover_enabled=&#8220;off&#8220; button_two_border_width__hover_enabled=&#8220;off&#8220; button_border_color__hover_enabled=&#8220;off&#8220; button_one_border_color__hover_enabled=&#8220;off&#8220; button_two_border_color__hover_enabled=&#8220;off&#8220; button_border_radius__hover_enabled=&#8220;off&#8220; button_one_border_radius__hover_enabled=&#8220;off&#8220; button_two_border_radius__hover_enabled=&#8220;off&#8220; button_letter_spacing__hover_enabled=&#8220;off&#8220; button_one_letter_spacing__hover_enabled=&#8220;off&#8220; button_two_letter_spacing__hover_enabled=&#8220;off&#8220; button_bg_color__hover_enabled=&#8220;off&#8220; button_one_bg_color__hover_enabled=&#8220;off&#8220; button_two_bg_color__hover_enabled=&#8220;off&#8220;][\/et_pb_contact_field][et_pb_contact_field field_id=&#8220;Email&#8220; field_title=&#8220;E-Mail Adresse*&#8220; field_type=&#8220;email&#8220; _builder_version=&#8220;4.19.4&#8243; global_colors_info=&#8220;{}&#8220; button_text_size__hover_enabled=&#8220;off&#8220; button_one_text_size__hover_enabled=&#8220;off&#8220; button_two_text_size__hover_enabled=&#8220;off&#8220; button_text_color__hover_enabled=&#8220;off&#8220; button_one_text_color__hover_enabled=&#8220;off&#8220; button_two_text_color__hover_enabled=&#8220;off&#8220; button_border_width__hover_enabled=&#8220;off&#8220; button_one_border_width__hover_enabled=&#8220;off&#8220; button_two_border_width__hover_enabled=&#8220;off&#8220; button_border_color__hover_enabled=&#8220;off&#8220; button_one_border_color__hover_enabled=&#8220;off&#8220; button_two_border_color__hover_enabled=&#8220;off&#8220; button_border_radius__hover_enabled=&#8220;off&#8220; button_one_border_radius__hover_enabled=&#8220;off&#8220; button_two_border_radius__hover_enabled=&#8220;off&#8220; button_letter_spacing__hover_enabled=&#8220;off&#8220; button_one_letter_spacing__hover_enabled=&#8220;off&#8220; button_two_letter_spacing__hover_enabled=&#8220;off&#8220; button_bg_color__hover_enabled=&#8220;off&#8220; button_one_bg_color__hover_enabled=&#8220;off&#8220; button_two_bg_color__hover_enabled=&#8220;off&#8220;][\/et_pb_contact_field][et_pb_contact_field field_id=&#8220;Telefoonnummer&#8220; field_title=&#8220;Rufnummer*&#8220; _builder_version=&#8220;4.19.2&#8243; _module_preset=&#8220;default&#8220; global_colors_info=&#8220;{}&#8220;][\/et_pb_contact_field][et_pb_contact_field field_id=&#8220;Functie&#8220; field_title=&#8220;Sie m\u00f6chten sich auf die Stelle bewerben:*&#8220; field_type=&#8220;radio&#8220; radio_options=&#8220;%91{%22value%22:%22CNC-Dreher\\\/Programmierer%22,%22checked%22:0,%22dragID%22:-1},{%22dragID%22:0,%22value%22:%22Auszubildender zum CNC-Dreher%22,%22checked%22:0},{%22dragID%22:1,%22value%22:%22Ich m\u00f6chte eine Probefahrt machen%22,%22checked%22:0},{%22dragID%22:2,%22value%22:%22Anwendung \u00f6ffnen%22,%22checked%22:0}%93&#8243; fullwidth_field=&#8220;on&#8220; _builder_version=&#8220;4.19.4&#8243; _module_preset=&#8220;default&#8220; global_colors_info=&#8220;{}&#8220;][\/et_pb_contact_field][\/et_pb_contact_form][\/et_pb_column][\/et_pb_row][\/et_pb_section]<\/p>\n","protected":false},"excerpt":{"rendered":"<p>Bewerben Sie sich f\u00fcr eine Stelle bei Van Poppel Metaal Mehr als nur eine DrehereiHier bewerben Sch\u00f6n, dass Sie sich in unserer Dreherei in Kempen bewerben wollen! Wir k\u00f6nnten einen motivierten Mitarbeiter wie Sie gebrauchen. Geben Sie unten Ihre Daten ein und wir werden Sie so schnell wie m\u00f6glich kontaktieren. Bis bald!<\/p>\n","protected":false},"author":2,"featured_media":0,"parent":0,"menu_order":0,"comment_status":"closed","ping_status":"closed","template":"","meta":{"_et_pb_use_builder":"on","_et_pb_old_content":"","_et_gb_content_width":"","footnotes":""},"class_list":["post-1384","page","type-page","status-publish","hentry"],"_links":{"self":[{"href":"https:\/\/vanpoppelmetaal.nl\/de\/wp-json\/wp\/v2\/pages\/1384","targetHints":{"allow":["GET"]}}],"collection":[{"href":"https:\/\/vanpoppelmetaal.nl\/de\/wp-json\/wp\/v2\/pages"}],"about":[{"href":"https:\/\/vanpoppelmetaal.nl\/de\/wp-json\/wp\/v2\/types\/page"}],"author":[{"embeddable":true,"href":"https:\/\/vanpoppelmetaal.nl\/de\/wp-json\/wp\/v2\/users\/2"}],"replies":[{"embeddable":true,"href":"https:\/\/vanpoppelmetaal.nl\/de\/wp-json\/wp\/v2\/comments?post=1384"}],"version-history":[{"count":0,"href":"https:\/\/vanpoppelmetaal.nl\/de\/wp-json\/wp\/v2\/pages\/1384\/revisions"}],"wp:attachment":[{"href":"https:\/\/vanpoppelmetaal.nl\/de\/wp-json\/wp\/v2\/media?parent=1384"}],"curies":[{"name":"wp","href":"https:\/\/api.w.org\/{rel}","templated":true}]}}